{"id":21,"date":"2025-11-11T00:09:36","date_gmt":"2025-11-11T05:09:36","guid":{"rendered":"https:\/\/elitetrabajos.com\/?page_id=21"},"modified":"2025-12-03T15:18:24","modified_gmt":"2025-12-03T20:18:24","slug":"quienes-somos","status":"publish","type":"page","link":"https:\/\/elitetrabajos.com\/en\/quienes-somos\/","title":{"rendered":"About Us"},"content":{"rendered":"<div data-elementor-type=\"wp-page\" data-elementor-id=\"21\" class=\"elementor elementor-21\">\n\t\t\t\t<div class=\"elementor-element elementor-element-87d2c98 e-flex e-con-boxed e-con e-parent\" data-id=\"87d2c98\" data-element_type=\"container\" data-e-type=\"container\">\n\t\t\t\t\t<div class=\"e-con-inner\">\n\t\t<div class=\"elementor-element elementor-element-0bbe31f e-con-full e-flex e-con e-child\" data-id=\"0bbe31f\" data-element_type=\"container\" data-e-type=\"container\">\n\t\t\t\t<div class=\"elementor-element elementor-element-cbbc400 elementor-widget elementor-widget-heading\" data-id=\"cbbc400\" data-element_type=\"widget\" data-e-type=\"widget\" data-widget_type=\"heading.default\">\n\t\t\t\t\t<h2 class=\"elementor-heading-title elementor-size-default\">Who is Cecilia Carulla<\/h2>\t\t\t\t<\/div>\n\t\t\t\t<\/div>\n\t\t<div class=\"elementor-element elementor-element-a2a955b e-con-full e-flex e-con e-child\" data-id=\"a2a955b\" data-element_type=\"container\" data-e-type=\"container\">\n\t\t\t\t<div class=\"elementor-element elementor-element-58d72a4 elementor-widget elementor-widget-text-editor\" data-id=\"58d72a4\" data-element_type=\"widget\" data-e-type=\"widget\" data-widget_type=\"text-editor.default\">\n\t\t\t\t\t\t\t\t\t<p>Con m\u00e1s de 20 a\u00f1os de experiencia en contrataci\u00f3n de personal y gesti\u00f3n de talento, Cecilia Carulla fund\u00f3 Elite Headhunter Services para ofrecer un servicio de b\u00fasqueda ejecutiva personalizado y efectivo. Su trayectoria internacional abarca sectores como salud, construcci\u00f3n, educaci\u00f3n y administraci\u00f3n, lo que le permite comprender las necesidades de cada cliente y conectar con los profesionales adecuados.<\/p>\t\t\t\t\t\t\t\t<\/div>\n\t\t\t\t<\/div>\n\t\t<div class=\"elementor-element elementor-element-b7a1fa3 e-con-full e-flex e-con e-child\" data-id=\"b7a1fa3\" data-element_type=\"container\" data-e-type=\"container\">\n\t\t\t\t<div class=\"elementor-element elementor-element-10f44d1 elementor-widget elementor-widget-image\" data-id=\"10f44d1\" data-element_type=\"widget\" data-e-type=\"widget\" data-widget_type=\"image.default\">\n\t\t\t\t\t\t\t\t\t\t\t\t\t\t\t<img decoding=\"async\" src=\"https:\/\/elitetrabajos.com\/wp-content\/uploads\/elementor\/thumbs\/NOSOTROS-rfln1me2oex0dppwfup0o11p5uwpu9d4f0oaa9iblw.png\" title=\"NOSOTROS\" alt=\"NOSOTROS\" loading=\"lazy\" \/>\t\t\t\t\t\t\t\t\t\t\t\t\t\t\t<\/div>\n\t\t\t\t<\/div>\n\t\t\t\t\t<\/div>\n\t\t\t\t<\/div>\n\t\t<div class=\"elementor-element elementor-element-3b79a41 e-flex e-con-boxed e-con e-parent\" data-id=\"3b79a41\" data-element_type=\"container\" data-e-type=\"container\">\n\t\t\t\t\t<div class=\"e-con-inner\">\n\t\t<div class=\"elementor-element elementor-element-aeda89c e-con-full e-flex e-con e-child\" data-id=\"aeda89c\" data-element_type=\"container\" data-e-type=\"container\">\n\t\t\t\t<div class=\"elementor-element elementor-element-4bf21ab elementor-widget elementor-widget-heading\" data-id=\"4bf21ab\" data-element_type=\"widget\" data-e-type=\"widget\" data-widget_type=\"heading.default\">\n\t\t\t\t\t<h2 class=\"elementor-heading-title elementor-size-default\">Mission<\/h2>\t\t\t\t<\/div>\n\t\t\t\t<div class=\"elementor-element elementor-element-c1b374a elementor-widget__width-initial elementor-widget elementor-widget-text-editor\" data-id=\"c1b374a\" data-element_type=\"widget\" data-e-type=\"widget\" data-widget_type=\"text-editor.default\">\n\t\t\t\t\t\t\t\t\t<p>Our mission is to connect top talent with leading organizations, transforming careers and businesses through excellence, integrity, and personalized service.<\/p>\t\t\t\t\t\t\t\t<\/div>\n\t\t\t\t<\/div>\n\t\t<div class=\"elementor-element elementor-element-fac05ad e-con-full e-flex e-con e-child\" data-id=\"fac05ad\" data-element_type=\"container\" data-e-type=\"container\">\n\t\t\t\t<div class=\"elementor-element elementor-element-80e7eef elementor-widget elementor-widget-heading\" data-id=\"80e7eef\" data-element_type=\"widget\" data-e-type=\"widget\" data-widget_type=\"heading.default\">\n\t\t\t\t\t<h2 class=\"elementor-heading-title elementor-size-default\">Visi\u00f3n<\/h2>\t\t\t\t<\/div>\n\t\t\t\t<div class=\"elementor-element elementor-element-37efbc4 elementor-widget elementor-widget-text-editor\" data-id=\"37efbc4\" data-element_type=\"widget\" data-e-type=\"widget\" data-widget_type=\"text-editor.default\">\n\t\t\t\t\t\t\t\t\t<p>To be the trusted bridge between talent and the organizations that build the future, becoming the most recognized and reliable talent search firm in Latin America, standing out for our excellence, precision, and commitment in every connection.<\/p>\t\t\t\t\t\t\t\t<\/div>\n\t\t\t\t<\/div>\n\t\t\t\t\t<\/div>\n\t\t\t\t<\/div>\n\t\t<div class=\"elementor-element elementor-element-fd813bf e-flex e-con-boxed e-con e-parent\" data-id=\"fd813bf\" data-element_type=\"container\" data-e-type=\"container\">\n\t\t\t\t\t<div class=\"e-con-inner\">\n\t\t<div class=\"elementor-element elementor-element-8a7e9bd e-con-full e-flex e-con e-child\" data-id=\"8a7e9bd\" data-element_type=\"container\" data-e-type=\"container\">\n\t\t\t\t<div class=\"elementor-element elementor-element-05e0209 elementor-widget elementor-widget-heading\" data-id=\"05e0209\" data-element_type=\"widget\" data-e-type=\"widget\" data-widget_type=\"heading.default\">\n\t\t\t\t\t<h2 class=\"elementor-heading-title elementor-size-default\">Our Values<\/h2>\t\t\t\t<\/div>\n\t\t\t\t<div class=\"elementor-element elementor-element-b364e5f elementor-widget elementor-widget-text-editor\" data-id=\"b364e5f\" data-element_type=\"widget\" data-e-type=\"widget\" data-widget_type=\"text-editor.default\">\n\t\t\t\t\t\t\t\t\t<ul><li data-start=\"5783\" data-end=\"5830\"><p data-start=\"5785\" data-end=\"5830\"><strong data-start=\"5785\" data-end=\"5799\">Excellence<\/strong>\u00a0<span style=\"font-style: inherit; font-weight: inherit;\">\u2014<\/span><span style=\"font-style: inherit; font-weight: inherit;\">\u00a0<\/span><em style=\"font-weight: inherit;\" data-start=\"5802\" data-end=\"5830\">Structured and selective process.<\/em><\/p><\/li><li data-start=\"5833\" data-end=\"5879\"><p data-start=\"5835\" data-end=\"5879\"><strong data-start=\"5835\" data-end=\"5849\">Integrity<\/strong> \u2014 <em data-start=\"5852\" data-end=\"5879\">Confidentiality and Ethics<\/em><\/p><\/li><li data-start=\"5882\" data-end=\"5954\"><p data-start=\"5884\" data-end=\"5954\"><strong data-start=\"5884\" data-end=\"5910\">Personalized Service<\/strong> \u2014 <em data-start=\"5913\" data-end=\"5954\">Process Adapted to Culture and Goals.<\/em><\/p><\/li><li data-start=\"5957\" data-end=\"6026\"><p data-start=\"5959\" data-end=\"6026\"><strong data-start=\"5959\" data-end=\"5972\">Trust<\/strong> \u2014 <em data-start=\"5975\" data-end=\"6026\">Long-Term Relationship with Clients and Candidates.<\/em><\/p><\/li><\/ul>\t\t\t\t\t\t\t\t<\/div>\n\t\t\t\t<\/div>\n\t\t<div class=\"elementor-element elementor-element-5aaa965 e-con-full e-flex e-con e-child\" data-id=\"5aaa965\" data-element_type=\"container\" data-e-type=\"container\">\n\t\t\t\t<div class=\"elementor-element elementor-element-cbd532d elementor-widget elementor-widget-heading\" data-id=\"cbd532d\" data-element_type=\"widget\" data-e-type=\"widget\" data-widget_type=\"heading.default\">\n\t\t\t\t\t<h2 class=\"elementor-heading-title elementor-size-default\">Skills<\/h2>\t\t\t\t<\/div>\n\t\t\t\t<div class=\"elementor-element elementor-element-6f57f4a elementor-widget elementor-widget-text-editor\" data-id=\"6f57f4a\" data-element_type=\"widget\" data-e-type=\"widget\" data-widget_type=\"text-editor.default\">\n\t\t\t\t\t\t\t\t\t<ul><li data-start=\"1040\" data-end=\"1092\"><p data-start=\"1042\" data-end=\"1092\">National and International Executive Recruitment<\/p><\/li><li data-start=\"1093\" data-end=\"1124\"><p data-start=\"1095\" data-end=\"1124\">Competency-Based Assessment<\/p><\/li><li data-start=\"1125\" data-end=\"1175\"><p data-start=\"1127\" data-end=\"1175\">Talent Management and Organizational Development<\/p><\/li><li data-start=\"1176\" data-end=\"1224\"><p data-start=\"1178\" data-end=\"1224\">Strategic Advisory for Companies and Executives<\/p><\/li><li data-start=\"1225\" data-end=\"1271\"><p data-start=\"1227\" data-end=\"1271\">Assertive Communication and Empathetic Leadership<\/p><\/li><li data-start=\"1272\" data-end=\"1330\"><p data-start=\"1274\" data-end=\"1330\">Effective Matching Between Profiles and Company Culture<\/p><\/li><\/ul>\t\t\t\t\t\t\t\t<\/div>\n\t\t\t\t<\/div>\n\t\t<div class=\"elementor-element elementor-element-c6e0904 e-con-full e-flex e-con e-child\" data-id=\"c6e0904\" data-element_type=\"container\" data-e-type=\"container\">\n\t\t\t\t<div class=\"elementor-element elementor-element-0bc6d07 elementor-widget elementor-widget-heading\" data-id=\"0bc6d07\" data-element_type=\"widget\" data-e-type=\"widget\" data-widget_type=\"heading.default\">\n\t\t\t\t\t<h2 class=\"elementor-heading-title elementor-size-default\">Certifications<\/h2>\t\t\t\t<\/div>\n\t\t\t\t<div class=\"elementor-element elementor-element-444a4c3 elementor-widget elementor-widget-text-editor\" data-id=\"444a4c3\" data-element_type=\"widget\" data-e-type=\"widget\" data-widget_type=\"text-editor.default\">\n\t\t\t\t\t\t\t\t\t<ul><li data-start=\"1912\" data-end=\"1974\"><p data-start=\"1914\" data-end=\"1974\">Certification in Human Resources Assessment and Management<\/p><\/li><li data-start=\"1912\" data-end=\"1974\"><p data-start=\"1914\" data-end=\"1974\">Certification in Talent Acquisition &amp; Recruitment<\/p><\/li><li data-start=\"1912\" data-end=\"1974\"><p data-start=\"1914\" data-end=\"1974\">Certification in Human Resources Analytics<\/p><\/li><li data-start=\"1912\" data-end=\"1974\"><p data-start=\"1914\" data-end=\"1974\">Certification in Leadership &amp; Team Management<\/p><\/li><li data-start=\"1912\" data-end=\"1974\"><p data-start=\"1914\" data-end=\"1974\">Staff Administration Certification<\/p><\/li><li data-start=\"1912\" data-end=\"1974\"><p data-start=\"1914\" data-end=\"1974\">Certification in Professional Ethics &amp; Ethical Decision-Making<\/p><\/li><\/ul>\t\t\t\t\t\t\t\t<\/div>\n\t\t\t\t<\/div>\n\t\t<div class=\"elementor-element elementor-element-d36e600 e-con-full e-flex e-con e-child\" data-id=\"d36e600\" data-element_type=\"container\" data-e-type=\"container\">\n\t\t\t\t<div class=\"elementor-element elementor-element-d4d86b7 elementor-widget elementor-widget-heading\" data-id=\"d4d86b7\" data-element_type=\"widget\" data-e-type=\"widget\" data-widget_type=\"heading.default\">\n\t\t\t\t\t<h2 class=\"elementor-heading-title elementor-size-default\">Seminars<\/h2>\t\t\t\t<\/div>\n\t\t\t\t<div class=\"elementor-element elementor-element-b6ff78b elementor-widget elementor-widget-text-editor\" data-id=\"b6ff78b\" data-element_type=\"widget\" data-e-type=\"widget\" data-widget_type=\"text-editor.default\">\n\t\t\t\t\t\t\t\t\t<ul><li data-start=\"1912\" data-end=\"1974\"><p data-start=\"1914\" data-end=\"1974\">Excellence Seminar for First-Time Managers and Supervisors<\/p><\/li><li data-start=\"1912\" data-end=\"1974\"><p data-start=\"1914\" data-end=\"1974\">Personnel Management Seminar<\/p><\/li><li data-start=\"1912\" data-end=\"1974\"><p data-start=\"1914\" data-end=\"1974\">Leadership Seminar for Managers and Supervisors<\/p><\/li><li data-start=\"1912\" data-end=\"1974\"><p data-start=\"1914\" data-end=\"1974\">Social Media Conference<\/p><\/li><li data-start=\"1912\" data-end=\"1974\"><p data-start=\"1914\" data-end=\"1974\">Employee Handbook Creation Seminar<\/p><\/li><li data-start=\"1912\" data-end=\"1974\"><p data-start=\"1914\" data-end=\"1974\">Labor Relations Seminar for Human Resources Professionals<\/p><\/li><\/ul>\t\t\t\t\t\t\t\t<\/div>\n\t\t\t\t<\/div>\n\t\t\t\t\t<\/div>\n\t\t\t\t<\/div>\n\t\t\t\t<\/div>","protected":false},"excerpt":{"rendered":"<p>Qui\u00e9n es Cecilia Carulla Con m\u00e1s de 20 a\u00f1os de experiencia en contrataci\u00f3n de personal y gesti\u00f3n de talento, Cecilia [&hellip;]<\/p>\n","protected":false},"author":1,"featured_media":0,"parent":0,"menu_order":0,"comment_status":"closed","ping_status":"closed","template":"","meta":{"site-sidebar-layout":"no-sidebar","site-content-layout":"","ast-site-content-layout":"full-width-container","site-content-style":"default","site-sidebar-style":"default","ast-global-header-display":"","ast-banner-title-visibility":"","ast-main-header-display":"","ast-hfb-above-header-display":"","ast-hfb-below-header-display":"","ast-hfb-mobile-header-display":"","site-post-title":"disabled","ast-breadcrumbs-content":"","ast-featured-img":"disabled","footer-sml-layout":"","theme-transparent-header-meta":"","adv-header-id-meta":"","stick-header-meta":"","header-above-stick-meta":"","header-main-stick-meta":"","header-below-stick-meta":"","astra-migrate-meta-layouts":"default","ast-page-background-enabled":"default","ast-page-background-meta":{"desktop":{"background-color":"var(--ast-global-color-5)","background-image":"","background-repeat":"repeat","background-position":"center center","background-size":"auto","background-attachment":"scroll","background-type":"","background-media":"","overlay-type":"","overlay-color":"","overlay-opacity":"","overlay-gradient":""},"tablet":{"background-color":"","background-image":"","background-repeat":"repeat","background-position":"center center","background-size":"auto","background-attachment":"scroll","background-type":"","background-media":"","overlay-type":"","overlay-color":"","overlay-opacity":"","overlay-gradient":""},"mobile":{"background-color":"","background-image":"","background-repeat":"repeat","background-position":"center center","background-size":"auto","background-attachment":"scroll","background-type":"","background-media":"","overlay-type":"","overlay-color":"","overlay-opacity":"","overlay-gradient":""}},"ast-content-background-meta":{"desktop":{"background-color":"var(--ast-global-color-4)","background-image":"","background-repeat":"repeat","background-position":"center center","background-size":"auto","background-attachment":"scroll","background-type":"","background-media":"","overlay-type":"","overlay-color":"","overlay-opacity":"","overlay-gradient":""},"tablet":{"background-color":"var(--ast-global-color-4)","background-image":"","background-repeat":"repeat","background-position":"center center","background-size":"auto","background-attachment":"scroll","background-type":"","background-media":"","overlay-type":"","overlay-color":"","overlay-opacity":"","overlay-gradient":""},"mobile":{"background-color":"var(--ast-global-color-4)","background-image":"","background-repeat":"repeat","background-position":"center center","background-size":"auto","background-attachment":"scroll","background-type":"","background-media":"","overlay-type":"","overlay-color":"","overlay-opacity":"","overlay-gradient":""}},"_glsr_average":0,"_glsr_ranking":0,"_glsr_reviews":0,"footnotes":""},"class_list":["post-21","page","type-page","status-publish","hentry"],"yoast_head":"<!-- This site is optimized with the Yoast SEO plugin v27.1.1 - https:\/\/yoast.com\/product\/yoast-seo-wordpress\/ -->\n<title>Nosotros - Elite Headhunter Services<\/title>\n<meta name=\"robots\" content=\"index, follow, max-snippet:-1, max-image-preview:large, max-video-preview:-1\" \/>\n<link rel=\"canonical\" href=\"https:\/\/elitetrabajos.com\/en\/quienes-somos\/\" \/>\n<meta property=\"og:locale\" content=\"en_US\" \/>\n<meta property=\"og:type\" content=\"article\" \/>\n<meta property=\"og:title\" content=\"Nosotros - Elite Headhunter Services\" \/>\n<meta property=\"og:description\" content=\"Qui\u00e9n es Cecilia Carulla Con m\u00e1s de 20 a\u00f1os de experiencia en contrataci\u00f3n de personal y gesti\u00f3n de talento, Cecilia [&hellip;]\" \/>\n<meta property=\"og:url\" content=\"https:\/\/elitetrabajos.com\/en\/quienes-somos\/\" \/>\n<meta property=\"og:site_name\" content=\"Elite Headhunter Services\" \/>\n<meta property=\"article:modified_time\" content=\"2025-12-03T20:18:24+00:00\" \/>\n<meta property=\"og:image\" content=\"https:\/\/elitetrabajos.com\/wp-content\/uploads\/elementor\/thumbs\/NOSOTROS-rfln1me2oex0dppwfup0o11p5uwpu9d4f0oaa9iblw.png\" \/>\n<meta name=\"twitter:card\" content=\"summary_large_image\" \/>\n<meta name=\"twitter:label1\" content=\"Est. reading time\" \/>\n\t<meta name=\"twitter:data1\" content=\"2 minutes\" \/>\n<script type=\"application\/ld+json\" class=\"yoast-schema-graph\">{\"@context\":\"https:\/\/schema.org\",\"@graph\":[{\"@type\":\"WebPage\",\"@id\":\"https:\/\/elitetrabajos.com\/quienes-somos\/\",\"url\":\"https:\/\/elitetrabajos.com\/quienes-somos\/\",\"name\":\"Nosotros - Elite Headhunter Services\",\"isPartOf\":{\"@id\":\"https:\/\/elitetrabajos.com\/#website\"},\"primaryImageOfPage\":{\"@id\":\"https:\/\/elitetrabajos.com\/quienes-somos\/#primaryimage\"},\"image\":{\"@id\":\"https:\/\/elitetrabajos.com\/quienes-somos\/#primaryimage\"},\"thumbnailUrl\":\"https:\/\/elitetrabajos.com\/wp-content\/uploads\/elementor\/thumbs\/NOSOTROS-rfln1me2oex0dppwfup0o11p5uwpu9d4f0oaa9iblw.png\",\"datePublished\":\"2025-11-11T05:09:36+00:00\",\"dateModified\":\"2025-12-03T20:18:24+00:00\",\"breadcrumb\":{\"@id\":\"https:\/\/elitetrabajos.com\/quienes-somos\/#breadcrumb\"},\"inLanguage\":\"en-US\",\"potentialAction\":[{\"@type\":\"ReadAction\",\"target\":[\"https:\/\/elitetrabajos.com\/quienes-somos\/\"]}]},{\"@type\":\"ImageObject\",\"inLanguage\":\"en-US\",\"@id\":\"https:\/\/elitetrabajos.com\/quienes-somos\/#primaryimage\",\"url\":\"https:\/\/elitetrabajos.com\/wp-content\/uploads\/elementor\/thumbs\/NOSOTROS-rfln1me2oex0dppwfup0o11p5uwpu9d4f0oaa9iblw.png\",\"contentUrl\":\"https:\/\/elitetrabajos.com\/wp-content\/uploads\/elementor\/thumbs\/NOSOTROS-rfln1me2oex0dppwfup0o11p5uwpu9d4f0oaa9iblw.png\"},{\"@type\":\"BreadcrumbList\",\"@id\":\"https:\/\/elitetrabajos.com\/quienes-somos\/#breadcrumb\",\"itemListElement\":[{\"@type\":\"ListItem\",\"position\":1,\"name\":\"Portada\",\"item\":\"https:\/\/elitetrabajos.com\/\"},{\"@type\":\"ListItem\",\"position\":2,\"name\":\"Nosotros\"}]},{\"@type\":\"WebSite\",\"@id\":\"https:\/\/elitetrabajos.com\/#website\",\"url\":\"https:\/\/elitetrabajos.com\/\",\"name\":\"Elite Headhunter Services\",\"description\":\"Conectamos talento excepcional con organizaciones l\u00edderes.\",\"publisher\":{\"@id\":\"https:\/\/elitetrabajos.com\/#organization\"},\"alternateName\":\"Elite trabajos\",\"potentialAction\":[{\"@type\":\"SearchAction\",\"target\":{\"@type\":\"EntryPoint\",\"urlTemplate\":\"https:\/\/elitetrabajos.com\/?s={search_term_string}\"},\"query-input\":{\"@type\":\"PropertyValueSpecification\",\"valueRequired\":true,\"valueName\":\"search_term_string\"}}],\"inLanguage\":\"en-US\"},{\"@type\":\"Organization\",\"@id\":\"https:\/\/elitetrabajos.com\/#organization\",\"name\":\"Elite Headhunter Services\",\"alternateName\":\"Elite Trabajos\",\"url\":\"https:\/\/elitetrabajos.com\/\",\"logo\":{\"@type\":\"ImageObject\",\"inLanguage\":\"en-US\",\"@id\":\"https:\/\/elitetrabajos.com\/#\/schema\/logo\/image\/\",\"url\":\"https:\/\/elitetrabajos.com\/wp-content\/uploads\/2025\/11\/ICONO.jpg\",\"contentUrl\":\"https:\/\/elitetrabajos.com\/wp-content\/uploads\/2025\/11\/ICONO.jpg\",\"width\":2245,\"height\":2245,\"caption\":\"Elite Headhunter Services\"},\"image\":{\"@id\":\"https:\/\/elitetrabajos.com\/#\/schema\/logo\/image\/\"}}]}<\/script>\n<!-- \/ Yoast SEO plugin. -->","yoast_head_json":{"title":"Nosotros - Elite Headhunter Services","robots":{"index":"index","follow":"follow","max-snippet":"max-snippet:-1","max-image-preview":"max-image-preview:large","max-video-preview":"max-video-preview:-1"},"canonical":"https:\/\/elitetrabajos.com\/en\/quienes-somos\/","og_locale":"en_US","og_type":"article","og_title":"Nosotros - Elite Headhunter Services","og_description":"Qui\u00e9n es Cecilia Carulla Con m\u00e1s de 20 a\u00f1os de experiencia en contrataci\u00f3n de personal y gesti\u00f3n de talento, Cecilia [&hellip;]","og_url":"https:\/\/elitetrabajos.com\/en\/quienes-somos\/","og_site_name":"Elite Headhunter Services","article_modified_time":"2025-12-03T20:18:24+00:00","og_image":[{"url":"https:\/\/elitetrabajos.com\/wp-content\/uploads\/elementor\/thumbs\/NOSOTROS-rfln1me2oex0dppwfup0o11p5uwpu9d4f0oaa9iblw.png","type":"","width":"","height":""}],"twitter_card":"summary_large_image","twitter_misc":{"Est. reading time":"2 minutes"},"schema":{"@context":"https:\/\/schema.org","@graph":[{"@type":"WebPage","@id":"https:\/\/elitetrabajos.com\/quienes-somos\/","url":"https:\/\/elitetrabajos.com\/quienes-somos\/","name":"Nosotros - Elite Headhunter Services","isPartOf":{"@id":"https:\/\/elitetrabajos.com\/#website"},"primaryImageOfPage":{"@id":"https:\/\/elitetrabajos.com\/quienes-somos\/#primaryimage"},"image":{"@id":"https:\/\/elitetrabajos.com\/quienes-somos\/#primaryimage"},"thumbnailUrl":"https:\/\/elitetrabajos.com\/wp-content\/uploads\/elementor\/thumbs\/NOSOTROS-rfln1me2oex0dppwfup0o11p5uwpu9d4f0oaa9iblw.png","datePublished":"2025-11-11T05:09:36+00:00","dateModified":"2025-12-03T20:18:24+00:00","breadcrumb":{"@id":"https:\/\/elitetrabajos.com\/quienes-somos\/#breadcrumb"},"inLanguage":"en-US","potentialAction":[{"@type":"ReadAction","target":["https:\/\/elitetrabajos.com\/quienes-somos\/"]}]},{"@type":"ImageObject","inLanguage":"en-US","@id":"https:\/\/elitetrabajos.com\/quienes-somos\/#primaryimage","url":"https:\/\/elitetrabajos.com\/wp-content\/uploads\/elementor\/thumbs\/NOSOTROS-rfln1me2oex0dppwfup0o11p5uwpu9d4f0oaa9iblw.png","contentUrl":"https:\/\/elitetrabajos.com\/wp-content\/uploads\/elementor\/thumbs\/NOSOTROS-rfln1me2oex0dppwfup0o11p5uwpu9d4f0oaa9iblw.png"},{"@type":"BreadcrumbList","@id":"https:\/\/elitetrabajos.com\/quienes-somos\/#breadcrumb","itemListElement":[{"@type":"ListItem","position":1,"name":"Portada","item":"https:\/\/elitetrabajos.com\/"},{"@type":"ListItem","position":2,"name":"Nosotros"}]},{"@type":"WebSite","@id":"https:\/\/elitetrabajos.com\/#website","url":"https:\/\/elitetrabajos.com\/","name":"Elite Headhunter Services","description":"Conectamos talento excepcional con organizaciones l\u00edderes.","publisher":{"@id":"https:\/\/elitetrabajos.com\/#organization"},"alternateName":"Elite trabajos","potentialAction":[{"@type":"SearchAction","target":{"@type":"EntryPoint","urlTemplate":"https:\/\/elitetrabajos.com\/?s={search_term_string}"},"query-input":{"@type":"PropertyValueSpecification","valueRequired":true,"valueName":"search_term_string"}}],"inLanguage":"en-US"},{"@type":"Organization","@id":"https:\/\/elitetrabajos.com\/#organization","name":"Elite Headhunter Services","alternateName":"Elite Trabajos","url":"https:\/\/elitetrabajos.com\/","logo":{"@type":"ImageObject","inLanguage":"en-US","@id":"https:\/\/elitetrabajos.com\/#\/schema\/logo\/image\/","url":"https:\/\/elitetrabajos.com\/wp-content\/uploads\/2025\/11\/ICONO.jpg","contentUrl":"https:\/\/elitetrabajos.com\/wp-content\/uploads\/2025\/11\/ICONO.jpg","width":2245,"height":2245,"caption":"Elite Headhunter Services"},"image":{"@id":"https:\/\/elitetrabajos.com\/#\/schema\/logo\/image\/"}}]}},"_links":{"self":[{"href":"https:\/\/elitetrabajos.com\/en\/wp-json\/wp\/v2\/pages\/21","targetHints":{"allow":["GET"]}}],"collection":[{"href":"https:\/\/elitetrabajos.com\/en\/wp-json\/wp\/v2\/pages"}],"about":[{"href":"https:\/\/elitetrabajos.com\/en\/wp-json\/wp\/v2\/types\/page"}],"author":[{"embeddable":true,"href":"https:\/\/elitetrabajos.com\/en\/wp-json\/wp\/v2\/users\/1"}],"replies":[{"embeddable":true,"href":"https:\/\/elitetrabajos.com\/en\/wp-json\/wp\/v2\/comments?post=21"}],"version-history":[{"count":41,"href":"https:\/\/elitetrabajos.com\/en\/wp-json\/wp\/v2\/pages\/21\/revisions"}],"predecessor-version":[{"id":917,"href":"https:\/\/elitetrabajos.com\/en\/wp-json\/wp\/v2\/pages\/21\/revisions\/917"}],"wp:attachment":[{"href":"https:\/\/elitetrabajos.com\/en\/wp-json\/wp\/v2\/media?parent=21"}],"curies":[{"name":"wp","href":"https:\/\/api.w.org\/{rel}","templated":true}]}}